{"id":48,"date":"2023-08-09T12:59:40","date_gmt":"2023-08-09T12:59:40","guid":{"rendered":"https:\/\/kriegsheim.de\/?page_id=48"},"modified":"2024-03-18T07:28:52","modified_gmt":"2024-03-18T07:28:52","slug":"vorstand","status":"publish","type":"page","link":"https:\/\/kriegsheim.de\/?page_id=48","title":{"rendered":"Vorstand"},"content":{"rendered":"\n<p><\/p>\n\n\n\n<p>1.Vorsitzender Marc Lorbert<\/p>\n\n\n\n<p>2.Vorsitzender Lukas G\u00f6b<\/p>\n\n\n\n<p>1.Schriftf\u00fchrerin Saskia Bog<\/p>\n\n\n\n<p>2.Schriftf\u00fchrerin Susanne Schilling<\/p>\n\n\n\n<p>1.Kassenwart Nico Hofmann<\/p>\n\n\n\n<p>2.Kassenwart Vanessa G\u00f6b<\/p>\n\n\n\n<p>Beisitzer Melanie Bog<\/p>\n\n\n\n<p>Kontakt: vorstand@kriegsheim.de<\/p>\n","protected":false},"excerpt":{"rendered":"<p>1.Vorsitzender Marc Lorbert 2.Vorsitzender Lukas G\u00f6b 1.Schriftf\u00fchrerin Saskia Bog 2.Schriftf\u00fchrerin Susanne Schilling 1.Kassenwart Nico Hofmann 2.Kassenwart Vanessa G\u00f6b Beisitzer Melanie Bog Kontakt: vorstand@kriegsheim.de<\/p>\n","protected":false},"author":1,"featured_media":0,"parent":0,"menu_order":0,"comment_status":"closed","ping_status":"closed","template":"","meta":[],"_links":{"self":[{"href":"https:\/\/kriegsheim.de\/index.php?rest_route=\/wp\/v2\/pages\/48"}],"collection":[{"href":"https:\/\/kriegsheim.de\/index.php?rest_route=\/wp\/v2\/pages"}],"about":[{"href":"https:\/\/kriegsheim.de\/index.php?rest_route=\/wp\/v2\/types\/page"}],"author":[{"embeddable":true,"href":"https:\/\/kriegsheim.de\/index.php?rest_route=\/wp\/v2\/users\/1"}],"replies":[{"embeddable":true,"href":"https:\/\/kriegsheim.de\/index.php?rest_route=%2Fwp%2Fv2%2Fcomments&post=48"}],"version-history":[{"count":6,"href":"https:\/\/kriegsheim.de\/index.php?rest_route=\/wp\/v2\/pages\/48\/revisions"}],"predecessor-version":[{"id":90,"href":"https:\/\/kriegsheim.de\/index.php?rest_route=\/wp\/v2\/pages\/48\/revisions\/90"}],"wp:attachment":[{"href":"https:\/\/kriegsheim.de\/index.php?rest_route=%2Fwp%2Fv2%2Fmedia&parent=48"}],"curies":[{"name":"wp","href":"https:\/\/api.w.org\/{rel}","templated":true}]}}